{"id":1415,"date":"2022-02-28T15:04:23","date_gmt":"2022-02-28T14:04:23","guid":{"rendered":"https:\/\/jdservice.be\/politique-de-confidentialite\/"},"modified":"2023-09-04T17:28:02","modified_gmt":"2023-09-04T15:28:02","slug":"politique-de-confidentialite","status":"publish","type":"page","link":"https:\/\/jdservice.be\/fr\/politique-de-confidentialite\/","title":{"rendered":"Politique de confidentialit\u00e9"},"content":{"rendered":"[vc_row type=\u00a0\u00bbin_container\u00a0\u00bb full_screen_row_position=\u00a0\u00bbmiddle\u00a0\u00bb column_margin=\u00a0\u00bbdefault\u00a0\u00bb column_direction=\u00a0\u00bbdefault\u00a0\u00bb column_direction_tablet=\u00a0\u00bbdefault\u00a0\u00bb column_direction_phone=\u00a0\u00bbdefault\u00a0\u00bb scene_position=\u00a0\u00bbcenter\u00a0\u00bb text_color=\u00a0\u00bbdark\u00a0\u00bb text_align=\u00a0\u00bbleft\u00a0\u00bb row_border_radius=\u00a0\u00bbnone\u00a0\u00bb row_border_radius_applies=\u00a0\u00bbbg\u00a0\u00bb overflow=\u00a0\u00bbvisible\u00a0\u00bb overlay_strength=\u00a0\u00bb0.3&Prime; gradient_direction=\u00a0\u00bbleft_to_right\u00a0\u00bb shape_divider_position=\u00a0\u00bbbottom\u00a0\u00bb bg_image_animation=\u00a0\u00bbnone\u00a0\u00bb][vc_column column_padding=\u00a0\u00bbno-extra-padding\u00a0\u00bb column_padding_tablet=\u00a0\u00bbinherit\u00a0\u00bb column_padding_phone=\u00a0\u00bbinherit\u00a0\u00bb column_padding_position=\u00a0\u00bball\u00a0\u00bb column_element_spacing=\u00a0\u00bbdefault\u00a0\u00bb background_color_opacity=\u00a0\u00bb1&Prime; background_hover_color_opacity=\u00a0\u00bb1&Prime; column_shadow=\u00a0\u00bbnone\u00a0\u00bb column_border_radius=\u00a0\u00bbnone\u00a0\u00bb column_link_target=\u00a0\u00bb_self\u00a0\u00bb column_position=\u00a0\u00bbdefault\u00a0\u00bb gradient_direction=\u00a0\u00bbleft_to_right\u00a0\u00bb overlay_strength=\u00a0\u00bb0.3&Prime; width=\u00a0\u00bb1\/1&Prime; tablet_width_inherit=\u00a0\u00bbdefault\u00a0\u00bb tablet_text_alignment=\u00a0\u00bbdefault\u00a0\u00bb phone_text_alignment=\u00a0\u00bbdefault\u00a0\u00bb animation_type=\u00a0\u00bbdefault\u00a0\u00bb bg_image_animation=\u00a0\u00bbnone\u00a0\u00bb border_type=\u00a0\u00bbsimple\u00a0\u00bb column_border_width=\u00a0\u00bbnone\u00a0\u00bb column_border_style=\u00a0\u00bbsolid\u00a0\u00bb][vc_column_text]<em>Derni\u00e8re mise \u00e0 jour le 22-05-2023.<\/em><\/p>\n<h2>1. Bienvenue<\/h2>\n<p>Nous sommes JD Service BV, une soci\u00e9t\u00e9 anonyme, situ\u00e9e \u00e0 Nanovestraat 1, 1670 Pepingen Belgique, avec le num\u00e9ro d&rsquo;entreprise BE 0835.945.604.<\/p>\n<p>Dans la pr\u00e9sente politique de confidentialit\u00e9, nous expliquons quelles informations personnelles nous collectons en tant que \u00ab\u00a0<em>responsable du traitement<\/em>\u00a0\u00bb et comment nous les utilisons et les partageons afin d&rsquo;am\u00e9liorer nos services.<\/p>\n<p>La pr\u00e9sente politique de confidentialit\u00e9 fait partie int\u00e9grante de nos <u>conditions g\u00e9n\u00e9rales<\/u>.<\/p>\n<h2>2. Donn\u00e9es \u00e0 caract\u00e8re personnel<\/h2>\n<p>Les donn\u00e9es personnelles limit\u00e9es que nous d\u00e9tenons sont collect\u00e9es de la mani\u00e8re suivante :<\/p>\n<ul>\n<li><u>Site web<\/u>: lorsque vous visitez notre site web, certaines donn\u00e9es sont enregistr\u00e9es via des cookies (y compris votre adresse IP) afin de g\u00e9rer et d&rsquo;am\u00e9liorer notre site web. Vous trouverez de plus amples informations sur ces cookies dans notre <u>politique en mati\u00e8re de cookies<\/u>; <\/li>\n<li><u>Relations commerciales<\/u>: lorsque vous nous contactez dans le cadre de nos services en tant que client ou partenaire (potentiel), nous traitons votre nom complet, vos coordonn\u00e9es (adresse \u00e9lectronique, num\u00e9ro de t\u00e9l\u00e9phone, adresse professionnelle et\/ou r\u00e9sidentielle) et d&rsquo;autres donn\u00e9es n\u00e9cessaires \u00e0 la commande, \u00e0 la facturation ou \u00e0 la coop\u00e9ration (telles que vos coordonn\u00e9es bancaires, l&rsquo;historique de vos contacts ou les donn\u00e9es relatives \u00e0 vos commandes ant\u00e9rieures) ; Traduit avec www.DeepL.com\/Translator (version gratuite)<\/li>\n<li><u>Marketing<\/u>: si vous nous en donnez l&rsquo;autorisation explicite, nous traiterons votre nom complet et votre adresse \u00e9lectronique pour vous envoyer du marketing direct, des bulletins d&rsquo;information, des actions et des promotions concernant nos produits et services. Vous pouvez facilement vous d\u00e9sinscrire \u00e0 tout moment. <\/li>\n<li>[bijkomende persoonsgegevens indien relevant]<\/li>\n<\/ul>\n<p>Bien que vous ne soyez jamais oblig\u00e9 de divulguer des donn\u00e9es personnelles, un refus de communiquer les informations n\u00e9cessaires peut entraver ou rendre impossible la fourniture de nos services.<\/p>\n<h2>3. Finalit\u00e9s du traitement<\/h2>\n<p>Nous traitons les donn\u00e9es \u00e0 caract\u00e8re personnel dans le cadre de notre gestion g\u00e9n\u00e9rale des clients et des commandes, ou pour fournir nos services. Cela comprend l&rsquo;administration des clients, le suivi des commandes et des livraisons, la facturation, la r\u00e9ponse aux questions, et \u00e0 des fins de marketing. Le traitement est effectu\u00e9 sur la base des cat\u00e9gories suivantes de motifs juridiques : <\/p>\n<ul>\n<li>Sur la base de votre accord ;<\/li>\n<li>De ce qui est n\u00e9cessaire \u00e0 l&rsquo;ex\u00e9cution d&rsquo;un contrat ;<\/li>\n<li>Si cela est n\u00e9cessaire pour se conformer \u00e0 une obligation l\u00e9gale ;<\/li>\n<li>Prot\u00e9ger vos int\u00e9r\u00eats vitaux ou ceux d&rsquo;une autre personne ;<\/li>\n<li>Pour l&rsquo;ex\u00e9cution d&rsquo;une t\u00e2che d&rsquo;int\u00e9r\u00eat public ;<\/li>\n<li>Si cela est n\u00e9cessaire pour poursuivre nos int\u00e9r\u00eats l\u00e9gitimes dans la conduite des affaires.<\/li>\n<\/ul>\n<p>Dans la mesure o\u00f9 le traitement des donn\u00e9es \u00e0 caract\u00e8re personnel s&rsquo;effectue sur la base de votre consentement explicite, vous avez toujours le droit de retirer le consentement que vous avez donn\u00e9.<\/p>\n<h2>4. Partage avec des tiers<\/h2>\n<p>Si cela est n\u00e9cessaire pour atteindre les objectifs pr\u00e9d\u00e9finis, nous pouvons partager des donn\u00e9es \u00e0 caract\u00e8re personnel avec nos employ\u00e9s et nos partenaires professionnels. Nos partenaires prendront \u00e0 leur tour les mesures techniques et organisationnelles n\u00e9cessaires pour prot\u00e9ger ces donn\u00e9es \u00e0 caract\u00e8re personnel. Nous ne commercialiserons jamais vos donn\u00e9es personnelles \u00e0 des tiers. Toutefois, dans le cadre d&rsquo;une r\u00e9organisation, d&rsquo;une faillite ou d&rsquo;un transfert d&rsquo;activit\u00e9s, les donn\u00e9es qui font partie de nos activit\u00e9s commerciales peuvent \u00eatre transf\u00e9r\u00e9es \u00e0 des tiers. Dans des cas limit\u00e9s, nous pouvons \u00e9galement \u00eatre tenus de partager des donn\u00e9es \u00e0 caract\u00e8re personnel sur la base d&rsquo;une d\u00e9cision de justice ou d&rsquo;une l\u00e9gislation contraignante, par exemple dans le cadre de la pr\u00e9vention de la fraude ou de questions de s\u00e9curit\u00e9, ou pour prot\u00e9ger nos droits. <\/p>\n<h2>5. P\u00e9riode de conservation<\/h2>\n<p>Nous traiterons et conserverons les donn\u00e9es \u00e0 caract\u00e8re personnel pendant une p\u00e9riode raisonnable n\u00e9cessaire \u00e0 la r\u00e9alisation des objectifs indiqu\u00e9s, en fonction de notre relation contractuelle, pour nous conformer aux exigences l\u00e9gales, ou dans le cadre de m\u00e9canismes de conservation habituels qui sont raisonnablement limit\u00e9s dans le temps (<em>sauvegardes<\/em>).<\/p>\n<h2>6. Vos droits<\/h2>\n<p>Toute personne dont nous d\u00e9tenons les donn\u00e9es personnelles a toujours le droit de.. :<\/p>\n<ul>\n<li>acc\u00e9der \u00e0 leurs donn\u00e9es personnelles ;<\/li>\n<li>faire rectifier ou compl\u00e9ter leurs donn\u00e9es personnelles si elles sont incorrectes ou incompl\u00e8tes ;<\/li>\n<li>de faire effacer leurs donn\u00e9es personnelles ;<\/li>\n<li>de faire restreindre le traitement de leurs donn\u00e9es personnelles ;<\/li>\n<li>de s&rsquo;opposer au traitement de leurs donn\u00e9es personnelles pour un motif s\u00e9rieux et l\u00e9gitime ;<\/li>\n<li>de faire transf\u00e9rer leurs donn\u00e9es personnelles \u00e0 une autre entreprise.<\/li>\n<\/ul>\n<p>Pour exercer les droits susmentionn\u00e9s, veuillez nous contacter par courrier ou via [e-mailadres]. Lorsque nous recevrons votre demande, nous devrons \u00eatre en mesure de v\u00e9rifier votre identit\u00e9.<\/p>\n<h2>7. Plaintes<\/h2>\n<p>Si vous avez des commentaires ou des questions concernant notre politique de protection de la vie priv\u00e9e, n&rsquo;h\u00e9sitez pas \u00e0 nous en faire part. Toute personne dont nous d\u00e9tenons des donn\u00e9es personnelles a \u00e9galement le droit d&rsquo;introduire une plainte aupr\u00e8s de la Commission de la protection de la vie priv\u00e9e (rue de la Presse 35, 1000 Bruxelles, <a href=\"mailto:commission@privacycommission.be\">commission@privacycommission.be<\/a>).<\/p>\n<h2>8. S\u00e9curit\u00e9<\/h2>\n<p>Nous appliquons au moins les mesures de s\u00e9curit\u00e9 techniques et organisationnelles habituelles que l&rsquo;on peut raisonnablement attendre de nous pour prot\u00e9ger vos donn\u00e9es personnelles contre la destruction, la perte, l&rsquo;alt\u00e9ration, la falsification, la diffusion ou l&rsquo;acc\u00e8s non autoris\u00e9. Les donn\u00e9es \u00e0 caract\u00e8re personnel ne seront transf\u00e9r\u00e9es \u00e0 un partenaire situ\u00e9 dans un pays en dehors de l&rsquo;Espace \u00e9conomique europ\u00e9en que si ce pays assure un niveau de protection ad\u00e9quat de vos donn\u00e9es \u00e0 caract\u00e8re personnel. Avant de partager des donn\u00e9es \u00e0 caract\u00e8re personnel avec un partenaire aux \u00c9tats-Unis d&rsquo;Am\u00e9rique, nous exigeons un accord de traitement distinct ou une certification en vertu du cadre du bouclier de protection de la vie priv\u00e9e (Privacy Shield Framework) (<a href=\"http:\/\/www.privacyshield.gov\/\">www.privacyshield.gov<\/a>).<\/p>\n<p>Nous ne pouvons \u00eatre tenus responsables de l&rsquo;utilisation incorrecte ou ill\u00e9gale des donn\u00e9es personnelles par un tiers. En outre, vous restez seul responsable de la confidentialit\u00e9 et de l&rsquo;utilisation de votre ordinateur, de votre adresse IP, de vos donn\u00e9es de connexion et d&rsquo;identification. <\/p>\n<h2>9. Votre vie priv\u00e9e<\/h2>\n<p>Votre vie priv\u00e9e est importante pour nous. Nous mettons donc tout en \u0153uvre pour la prot\u00e9ger au mieux et attachons une grande importance au respect (i) de la loi du 8 d\u00e9cembre 1992 relative \u00e0 la protection de la vie priv\u00e9e \u00e0 l&rsquo;\u00e9gard des traitements de donn\u00e9es \u00e0 caract\u00e8re personnel (telle que modifi\u00e9e par la loi du 11 d\u00e9cembre 1998, \u00a0\u00bb loi sur le traitement des donn\u00e9es \u00e0 caract\u00e8re personnel \u00ab\u00a0) ; (ii) des dispositions anti-spam du Livre XII du Code de droit \u00e9conomique relatif au droit de l&rsquo;\u00e9conomie \u00e9lectronique ; et (iii) du R\u00e8glement europ\u00e9en 2016\/679 du 27 avril 2016 relatif \u00e0 la protection des donn\u00e9es \u00e0 caract\u00e8re personnel (\u00a0\u00bb R\u00e8glement g\u00e9n\u00e9ral sur la protection des donn\u00e9es \u00ab\u00a0).<\/p>\n<p>   [\/vc_column_text][\/vc_column][\/vc_row]\n","protected":false},"excerpt":{"rendered":"<p>[vc_row type=\u00a0\u00bbin_container\u00a0\u00bb full_screen_row_position=\u00a0\u00bbmiddle\u00a0\u00bb column_margin=\u00a0\u00bbdefault\u00a0\u00bb column_direction=\u00a0\u00bbdefault\u00a0\u00bb column_direction_tablet=\u00a0\u00bbdefault\u00a0\u00bb column_direction_phone=\u00a0\u00bbdefault\u00a0\u00bb scene_position=\u00a0\u00bbcenter\u00a0\u00bb text_color=\u00a0\u00bbdark\u00a0\u00bb text_align=\u00a0\u00bbleft\u00a0\u00bb row_border_radius=\u00a0\u00bbnone\u00a0\u00bb row_border_radius_applies=\u00a0\u00bbbg\u00a0\u00bb overflow=\u00a0\u00bbvisible\u00a0\u00bb overlay_strength=\u00a0\u00bb0.3&Prime; gradient_direction=\u00a0\u00bbleft_to_right\u00a0\u00bb shape_divider_position=\u00a0\u00bbbottom\u00a0\u00bb bg_image_animation=\u00a0\u00bbnone\u00a0\u00bb][vc_column column_padding=\u00a0\u00bbno-extra-padding\u00a0\u00bb column_padding_tablet=\u00a0\u00bbinherit\u00a0\u00bb column_padding_phone=\u00a0\u00bbinherit\u00a0\u00bb column_padding_position=\u00a0\u00bball\u00a0\u00bb column_element_spacing=\u00a0\u00bbdefault\u00a0\u00bb background_color_opacity=\u00a0\u00bb1&Prime; background_hover_color_opacity=\u00a0\u00bb1&Prime; column_shadow=\u00a0\u00bbnone\u00a0\u00bb column_border_radius=\u00a0\u00bbnone\u00a0\u00bb column_link_target=\u00a0\u00bb_self\u00a0\u00bb column_position=\u00a0\u00bbdefault\u00a0\u00bb gradient_direction=\u00a0\u00bbleft_to_right\u00a0\u00bb overlay_strength=\u00a0\u00bb0.3&Prime;&#8230;<\/p>\n","protected":false},"author":3,"featured_media":0,"parent":0,"menu_order":0,"comment_status":"closed","ping_status":"closed","template":"","meta":{"_acf_changed":false,"footnotes":""},"class_list":["post-1415","page","type-page","status-publish"],"acf":[],"yoast_head":"<!-- This site is optimized with the Yoast SEO plugin v27.0 - https:\/\/yoast.com\/product\/yoast-seo-wordpress\/ -->\n<title>Politique de confidentialit\u00e9 - JD Services<\/title>\n<meta name=\"robots\" content=\"index, follow, max-snippet:-1, max-image-preview:large, max-video-preview:-1\" \/>\n<link rel=\"canonical\" href=\"https:\/\/jdservice.be\/fr\/politique-de-confidentialite\/\" \/>\n<meta property=\"og:locale\" content=\"fr_FR\" \/>\n<meta property=\"og:type\" content=\"article\" \/>\n<meta property=\"og:title\" content=\"Politique de confidentialit\u00e9 - JD Services\" \/>\n<meta property=\"og:description\" content=\"[vc_row type=\u00a0\u00bbin_container\u00a0\u00bb full_screen_row_position=\u00a0\u00bbmiddle\u00a0\u00bb column_margin=\u00a0\u00bbdefault\u00a0\u00bb column_direction=\u00a0\u00bbdefault\u00a0\u00bb column_direction_tablet=\u00a0\u00bbdefault\u00a0\u00bb column_direction_phone=\u00a0\u00bbdefault\u00a0\u00bb scene_position=\u00a0\u00bbcenter\u00a0\u00bb text_color=\u00a0\u00bbdark\u00a0\u00bb text_align=\u00a0\u00bbleft\u00a0\u00bb row_border_radius=\u00a0\u00bbnone\u00a0\u00bb row_border_radius_applies=\u00a0\u00bbbg\u00a0\u00bb overflow=\u00a0\u00bbvisible\u00a0\u00bb overlay_strength=\u00a0\u00bb0.3&Prime; gradient_direction=\u00a0\u00bbleft_to_right\u00a0\u00bb shape_divider_position=\u00a0\u00bbbottom\u00a0\u00bb bg_image_animation=\u00a0\u00bbnone\u00a0\u00bb][vc_column column_padding=\u00a0\u00bbno-extra-padding\u00a0\u00bb column_padding_tablet=\u00a0\u00bbinherit\u00a0\u00bb column_padding_phone=\u00a0\u00bbinherit\u00a0\u00bb column_padding_position=\u00a0\u00bball\u00a0\u00bb column_element_spacing=\u00a0\u00bbdefault\u00a0\u00bb background_color_opacity=\u00a0\u00bb1&Prime; background_hover_color_opacity=\u00a0\u00bb1&Prime; column_shadow=\u00a0\u00bbnone\u00a0\u00bb column_border_radius=\u00a0\u00bbnone\u00a0\u00bb column_link_target=\u00a0\u00bb_self\u00a0\u00bb column_position=\u00a0\u00bbdefault\u00a0\u00bb gradient_direction=\u00a0\u00bbleft_to_right\u00a0\u00bb overlay_strength=\u00a0\u00bb0.3&Prime;...\" \/>\n<meta property=\"og:url\" content=\"https:\/\/jdservice.be\/fr\/politique-de-confidentialite\/\" \/>\n<meta property=\"og:site_name\" content=\"JD Services\" \/>\n<meta property=\"article:modified_time\" content=\"2023-09-04T15:28:02+00:00\" \/>\n<meta name=\"twitter:card\" content=\"summary_large_image\" \/>\n<meta name=\"twitter:label1\" content=\"Dur\u00e9e de lecture estim\u00e9e\" \/>\n\t<meta name=\"twitter:data1\" content=\"7 minutes\" \/>\n<script type=\"application\/ld+json\" class=\"yoast-schema-graph\">{\"@context\":\"https:\/\/schema.org\",\"@graph\":[{\"@type\":\"WebPage\",\"@id\":\"https:\/\/jdservice.be\/fr\/politique-de-confidentialite\/\",\"url\":\"https:\/\/jdservice.be\/fr\/politique-de-confidentialite\/\",\"name\":\"Politique de confidentialit\u00e9 - JD Services\",\"isPartOf\":{\"@id\":\"https:\/\/jdservice.be\/#website\"},\"datePublished\":\"2022-02-28T14:04:23+00:00\",\"dateModified\":\"2023-09-04T15:28:02+00:00\",\"breadcrumb\":{\"@id\":\"https:\/\/jdservice.be\/fr\/politique-de-confidentialite\/#breadcrumb\"},\"inLanguage\":\"fr-FR\",\"potentialAction\":[{\"@type\":\"ReadAction\",\"target\":[\"https:\/\/jdservice.be\/fr\/politique-de-confidentialite\/\"]}]},{\"@type\":\"BreadcrumbList\",\"@id\":\"https:\/\/jdservice.be\/fr\/politique-de-confidentialite\/#breadcrumb\",\"itemListElement\":[{\"@type\":\"ListItem\",\"position\":1,\"name\":\"Home\",\"item\":\"https:\/\/jdservice.be\/fr\/accueil\/\"},{\"@type\":\"ListItem\",\"position\":2,\"name\":\"Politique de confidentialit\u00e9\"}]},{\"@type\":\"WebSite\",\"@id\":\"https:\/\/jdservice.be\/#website\",\"url\":\"https:\/\/jdservice.be\/\",\"name\":\"JD Services\",\"description\":\"\",\"potentialAction\":[{\"@type\":\"SearchAction\",\"target\":{\"@type\":\"EntryPoint\",\"urlTemplate\":\"https:\/\/jdservice.be\/?s={search_term_string}\"},\"query-input\":{\"@type\":\"PropertyValueSpecification\",\"valueRequired\":true,\"valueName\":\"search_term_string\"}}],\"inLanguage\":\"fr-FR\"}]}<\/script>\n<!-- \/ Yoast SEO plugin. -->","yoast_head_json":{"title":"Politique de confidentialit\u00e9 - JD Services","robots":{"index":"index","follow":"follow","max-snippet":"max-snippet:-1","max-image-preview":"max-image-preview:large","max-video-preview":"max-video-preview:-1"},"canonical":"https:\/\/jdservice.be\/fr\/politique-de-confidentialite\/","og_locale":"fr_FR","og_type":"article","og_title":"Politique de confidentialit\u00e9 - JD Services","og_description":"[vc_row type=\u00a0\u00bbin_container\u00a0\u00bb full_screen_row_position=\u00a0\u00bbmiddle\u00a0\u00bb column_margin=\u00a0\u00bbdefault\u00a0\u00bb column_direction=\u00a0\u00bbdefault\u00a0\u00bb column_direction_tablet=\u00a0\u00bbdefault\u00a0\u00bb column_direction_phone=\u00a0\u00bbdefault\u00a0\u00bb scene_position=\u00a0\u00bbcenter\u00a0\u00bb text_color=\u00a0\u00bbdark\u00a0\u00bb text_align=\u00a0\u00bbleft\u00a0\u00bb row_border_radius=\u00a0\u00bbnone\u00a0\u00bb row_border_radius_applies=\u00a0\u00bbbg\u00a0\u00bb overflow=\u00a0\u00bbvisible\u00a0\u00bb overlay_strength=\u00a0\u00bb0.3&Prime; gradient_direction=\u00a0\u00bbleft_to_right\u00a0\u00bb shape_divider_position=\u00a0\u00bbbottom\u00a0\u00bb bg_image_animation=\u00a0\u00bbnone\u00a0\u00bb][vc_column column_padding=\u00a0\u00bbno-extra-padding\u00a0\u00bb column_padding_tablet=\u00a0\u00bbinherit\u00a0\u00bb column_padding_phone=\u00a0\u00bbinherit\u00a0\u00bb column_padding_position=\u00a0\u00bball\u00a0\u00bb column_element_spacing=\u00a0\u00bbdefault\u00a0\u00bb background_color_opacity=\u00a0\u00bb1&Prime; background_hover_color_opacity=\u00a0\u00bb1&Prime; column_shadow=\u00a0\u00bbnone\u00a0\u00bb column_border_radius=\u00a0\u00bbnone\u00a0\u00bb column_link_target=\u00a0\u00bb_self\u00a0\u00bb column_position=\u00a0\u00bbdefault\u00a0\u00bb gradient_direction=\u00a0\u00bbleft_to_right\u00a0\u00bb overlay_strength=\u00a0\u00bb0.3&Prime;...","og_url":"https:\/\/jdservice.be\/fr\/politique-de-confidentialite\/","og_site_name":"JD Services","article_modified_time":"2023-09-04T15:28:02+00:00","twitter_card":"summary_large_image","twitter_misc":{"Dur\u00e9e de lecture estim\u00e9e":"7 minutes"},"schema":{"@context":"https:\/\/schema.org","@graph":[{"@type":"WebPage","@id":"https:\/\/jdservice.be\/fr\/politique-de-confidentialite\/","url":"https:\/\/jdservice.be\/fr\/politique-de-confidentialite\/","name":"Politique de confidentialit\u00e9 - JD Services","isPartOf":{"@id":"https:\/\/jdservice.be\/#website"},"datePublished":"2022-02-28T14:04:23+00:00","dateModified":"2023-09-04T15:28:02+00:00","breadcrumb":{"@id":"https:\/\/jdservice.be\/fr\/politique-de-confidentialite\/#breadcrumb"},"inLanguage":"fr-FR","potentialAction":[{"@type":"ReadAction","target":["https:\/\/jdservice.be\/fr\/politique-de-confidentialite\/"]}]},{"@type":"BreadcrumbList","@id":"https:\/\/jdservice.be\/fr\/politique-de-confidentialite\/#breadcrumb","itemListElement":[{"@type":"ListItem","position":1,"name":"Home","item":"https:\/\/jdservice.be\/fr\/accueil\/"},{"@type":"ListItem","position":2,"name":"Politique de confidentialit\u00e9"}]},{"@type":"WebSite","@id":"https:\/\/jdservice.be\/#website","url":"https:\/\/jdservice.be\/","name":"JD Services","description":"","potentialAction":[{"@type":"SearchAction","target":{"@type":"EntryPoint","urlTemplate":"https:\/\/jdservice.be\/?s={search_term_string}"},"query-input":{"@type":"PropertyValueSpecification","valueRequired":true,"valueName":"search_term_string"}}],"inLanguage":"fr-FR"}]}},"_links":{"self":[{"href":"https:\/\/jdservice.be\/fr\/wp-json\/wp\/v2\/pages\/1415","targetHints":{"allow":["GET"]}}],"collection":[{"href":"https:\/\/jdservice.be\/fr\/wp-json\/wp\/v2\/pages"}],"about":[{"href":"https:\/\/jdservice.be\/fr\/wp-json\/wp\/v2\/types\/page"}],"author":[{"embeddable":true,"href":"https:\/\/jdservice.be\/fr\/wp-json\/wp\/v2\/users\/3"}],"replies":[{"embeddable":true,"href":"https:\/\/jdservice.be\/fr\/wp-json\/wp\/v2\/comments?post=1415"}],"version-history":[{"count":2,"href":"https:\/\/jdservice.be\/fr\/wp-json\/wp\/v2\/pages\/1415\/revisions"}],"predecessor-version":[{"id":1417,"href":"https:\/\/jdservice.be\/fr\/wp-json\/wp\/v2\/pages\/1415\/revisions\/1417"}],"wp:attachment":[{"href":"https:\/\/jdservice.be\/fr\/wp-json\/wp\/v2\/media?parent=1415"}],"curies":[{"name":"wp","href":"https:\/\/api.w.org\/{rel}","templated":true}]}}