{"id":1403,"date":"2022-03-10T13:25:24","date_gmt":"2022-03-10T12:25:24","guid":{"rendered":"https:\/\/jdservice.be\/seconde-main-2\/"},"modified":"2023-09-05T09:25:27","modified_gmt":"2023-09-05T07:25:27","slug":"seconde-main-2","status":"publish","type":"page","link":"https:\/\/jdservice.be\/fr\/seconde-main-2\/","title":{"rendered":"Seconde main"},"content":{"rendered":"[vc_row type=\u00a0\u00bbfull_width_content\u00a0\u00bb full_screen_row_position=\u00a0\u00bbmiddle\u00a0\u00bb column_margin=\u00a0\u00bbdefault\u00a0\u00bb equal_height=\u00a0\u00bbyes\u00a0\u00bb content_placement=\u00a0\u00bbmiddle\u00a0\u00bb column_direction=\u00a0\u00bbdefault\u00a0\u00bb column_direction_tablet=\u00a0\u00bbdefault\u00a0\u00bb column_direction_phone=\u00a0\u00bbdefault\u00a0\u00bb scene_position=\u00a0\u00bbcenter\u00a0\u00bb top_padding=\u00a0\u00bb10%\u00a0\u00bb bottom_padding=\u00a0\u00bb4%\u00a0\u00bb left_padding_desktop=\u00a0\u00bb7%\u00a0\u00bb constrain_group_2=\u00a0\u00bbyes\u00a0\u00bb right_padding_desktop=\u00a0\u00bb7%\u00a0\u00bb top_padding_tablet=\u00a0\u00bb20%\u00a0\u00bb top_padding_phone=\u00a0\u00bb25%\u00a0\u00bb text_color=\u00a0\u00bbdark\u00a0\u00bb text_align=\u00a0\u00bbleft\u00a0\u00bb row_border_radius=\u00a0\u00bbnone\u00a0\u00bb row_border_radius_applies=\u00a0\u00bbbg\u00a0\u00bb zindex=\u00a0\u00bb100&Prime; overflow=\u00a0\u00bbvisible\u00a0\u00bb advanced_gradient_angle=\u00a0\u00bb0&Prime; overlay_strength=\u00a0\u00bb0.3&Prime; gradient_direction=\u00a0\u00bbleft_to_right\u00a0\u00bb shape_divider_position=\u00a0\u00bbbottom\u00a0\u00bb bg_image_animation=\u00a0\u00bbfade-in\u00a0\u00bb gradient_type=\u00a0\u00bbdefault\u00a0\u00bb shape_type=\u00a0\u00bb\u00a0\u00bb][vc_column column_padding=\u00a0\u00bbno-extra-padding\u00a0\u00bb column_padding_tablet=\u00a0\u00bbinherit\u00a0\u00bb column_padding_phone=\u00a0\u00bbinherit\u00a0\u00bb column_padding_position=\u00a0\u00bball\u00a0\u00bb column_element_spacing=\u00a0\u00bbdefault\u00a0\u00bb background_color_opacity=\u00a0\u00bb1&Prime; background_hover_color_opacity=\u00a0\u00bb1&Prime; column_shadow=\u00a0\u00bbnone\u00a0\u00bb column_border_radius=\u00a0\u00bbnone\u00a0\u00bb column_link_target=\u00a0\u00bb_self\u00a0\u00bb column_position=\u00a0\u00bbdefault\u00a0\u00bb advanced_gradient_angle=\u00a0\u00bb0&Prime; gradient_direction=\u00a0\u00bbleft_to_right\u00a0\u00bb overlay_strength=\u00a0\u00bb0.3&Prime; width=\u00a0\u00bb1\/1&Prime; tablet_width_inherit=\u00a0\u00bbdefault\u00a0\u00bb tablet_text_alignment=\u00a0\u00bbdefault\u00a0\u00bb phone_text_alignment=\u00a0\u00bbdefault\u00a0\u00bb animation_type=\u00a0\u00bbdefault\u00a0\u00bb bg_image_animation=\u00a0\u00bbnone\u00a0\u00bb border_type=\u00a0\u00bbsimple\u00a0\u00bb column_border_width=\u00a0\u00bbnone\u00a0\u00bb column_border_style=\u00a0\u00bbsolid\u00a0\u00bb gradient_type=\u00a0\u00bbdefault\u00a0\u00bb][vc_row_inner equal_height=\u00a0\u00bbyes\u00a0\u00bb content_placement=\u00a0\u00bbmiddle\u00a0\u00bb column_margin=\u00a0\u00bbdefault\u00a0\u00bb column_direction=\u00a0\u00bbdefault\u00a0\u00bb column_direction_tablet=\u00a0\u00bbdefault\u00a0\u00bb column_direction_phone=\u00a0\u00bbdefault\u00a0\u00bb text_align=\u00a0\u00bbleft\u00a0\u00bb row_position=\u00a0\u00bbdefault\u00a0\u00bb row_position_tablet=\u00a0\u00bbinherit\u00a0\u00bb row_position_phone=\u00a0\u00bbinherit\u00a0\u00bb overflow=\u00a0\u00bbvisible\u00a0\u00bb pointer_events=\u00a0\u00bball\u00a0\u00bb][vc_column_inner column_padding=\u00a0\u00bbno-extra-padding\u00a0\u00bb column_padding_tablet=\u00a0\u00bbinherit\u00a0\u00bb column_padding_phone=\u00a0\u00bbinherit\u00a0\u00bb column_padding_position=\u00a0\u00bball\u00a0\u00bb bottom_margin_tablet=\u00a0\u00bb20&Prime; column_element_spacing=\u00a0\u00bbdefault\u00a0\u00bb background_color_opacity=\u00a0\u00bb1&Prime; background_hover_color_opacity=\u00a0\u00bb1&Prime; column_shadow=\u00a0\u00bbnone\u00a0\u00bb column_border_radius=\u00a0\u00bbnone\u00a0\u00bb column_link_target=\u00a0\u00bb_self\u00a0\u00bb advanced_gradient_angle=\u00a0\u00bb0&Prime; gradient_direction=\u00a0\u00bbleft_to_right\u00a0\u00bb overlay_strength=\u00a0\u00bb0.3&Prime; width=\u00a0\u00bb4\/5&Prime; tablet_width_inherit=\u00a0\u00bbsmall_desktop\u00a0\u00bb animation_type=\u00a0\u00bbdefault\u00a0\u00bb bg_image_animation=\u00a0\u00bbnone\u00a0\u00bb border_type=\u00a0\u00bbsimple\u00a0\u00bb column_border_width=\u00a0\u00bbnone\u00a0\u00bb column_border_style=\u00a0\u00bbsolid\u00a0\u00bb gradient_type=\u00a0\u00bbdefault\u00a0\u00bb offset=\u00a0\u00bbvc_col-md-9&Prime;][vc_column_text]\n<h1>Seconde main<\/h1>\n[\/vc_column_text][\/vc_column_inner][vc_column_inner column_padding=\u00a0\u00bbno-extra-padding\u00a0\u00bb column_padding_tablet=\u00a0\u00bbinherit\u00a0\u00bb column_padding_phone=\u00a0\u00bbinherit\u00a0\u00bb column_padding_position=\u00a0\u00bball\u00a0\u00bb column_element_spacing=\u00a0\u00bb10px\u00a0\u00bb background_color_opacity=\u00a0\u00bb1&Prime; background_hover_color_opacity=\u00a0\u00bb1&Prime; column_shadow=\u00a0\u00bbnone\u00a0\u00bb column_border_radius=\u00a0\u00bbnone\u00a0\u00bb column_link_target=\u00a0\u00bb_self\u00a0\u00bb advanced_gradient_angle=\u00a0\u00bb0&Prime; gradient_direction=\u00a0\u00bbleft_to_right\u00a0\u00bb overlay_strength=\u00a0\u00bb0.3&Prime; width=\u00a0\u00bb1\/5&Prime; tablet_width_inherit=\u00a0\u00bbsmall_desktop\u00a0\u00bb animation_type=\u00a0\u00bbdefault\u00a0\u00bb enable_animation=\u00a0\u00bbtrue\u00a0\u00bb animation=\u00a0\u00bbfade-in-from-bottom\u00a0\u00bb mobile_disable_entrance_animation=\u00a0\u00bbtrue\u00a0\u00bb bg_image_animation=\u00a0\u00bbnone\u00a0\u00bb border_type=\u00a0\u00bbsimple\u00a0\u00bb column_border_width=\u00a0\u00bbnone\u00a0\u00bb column_border_style=\u00a0\u00bbsolid\u00a0\u00bb gradient_type=\u00a0\u00bbdefault\u00a0\u00bb delay=\u00a0\u00bb500&Prime; offset=\u00a0\u00bbvc_col-md-3&Prime;][\/vc_column_inner][\/vc_row_inner][\/vc_column][\/vc_row][vc_row type=\u00a0\u00bbfull_width_content\u00a0\u00bb full_screen_row_position=\u00a0\u00bbmiddle\u00a0\u00bb column_margin=\u00a0\u00bbdefault\u00a0\u00bb column_direction=\u00a0\u00bbdefault\u00a0\u00bb column_direction_tablet=\u00a0\u00bbdefault\u00a0\u00bb column_direction_phone=\u00a0\u00bbdefault\u00a0\u00bb scene_position=\u00a0\u00bbcenter\u00a0\u00bb bottom_padding=\u00a0\u00bb5%\u00a0\u00bb left_padding_desktop=\u00a0\u00bb7%\u00a0\u00bb constrain_group_2=\u00a0\u00bbyes\u00a0\u00bb right_padding_desktop=\u00a0\u00bb7%\u00a0\u00bb text_color=\u00a0\u00bbdark\u00a0\u00bb text_align=\u00a0\u00bbleft\u00a0\u00bb row_border_radius=\u00a0\u00bbnone\u00a0\u00bb row_border_radius_applies=\u00a0\u00bbbg\u00a0\u00bb overflow=\u00a0\u00bbvisible\u00a0\u00bb advanced_gradient_angle=\u00a0\u00bb0&Prime; overlay_strength=\u00a0\u00bb0.3&Prime; gradient_direction=\u00a0\u00bbleft_to_right\u00a0\u00bb shape_divider_position=\u00a0\u00bbbottom\u00a0\u00bb bg_image_animation=\u00a0\u00bbnone\u00a0\u00bb gradient_type=\u00a0\u00bbdefault\u00a0\u00bb shape_type=\u00a0\u00bb\u00a0\u00bb][vc_column column_padding=\u00a0\u00bbno-extra-padding\u00a0\u00bb column_padding_tablet=\u00a0\u00bbinherit\u00a0\u00bb column_padding_phone=\u00a0\u00bbinherit\u00a0\u00bb column_padding_position=\u00a0\u00bball\u00a0\u00bb column_element_spacing=\u00a0\u00bbdefault\u00a0\u00bb background_color_opacity=\u00a0\u00bb1&Prime; background_hover_color_opacity=\u00a0\u00bb1&Prime; column_shadow=\u00a0\u00bbnone\u00a0\u00bb column_border_radius=\u00a0\u00bbnone\u00a0\u00bb column_link_target=\u00a0\u00bb_self\u00a0\u00bb column_position=\u00a0\u00bbdefault\u00a0\u00bb gradient_direction=\u00a0\u00bbleft_to_right\u00a0\u00bb overlay_strength=\u00a0\u00bb0.3&Prime; width=\u00a0\u00bb1\/1&Prime; tablet_width_inherit=\u00a0\u00bbdefault\u00a0\u00bb tablet_text_alignment=\u00a0\u00bbdefault\u00a0\u00bb phone_text_alignment=\u00a0\u00bbdefault\u00a0\u00bb animation_type=\u00a0\u00bbdefault\u00a0\u00bb bg_image_animation=\u00a0\u00bbnone\u00a0\u00bb border_type=\u00a0\u00bbsimple\u00a0\u00bb column_border_width=\u00a0\u00bbnone\u00a0\u00bb column_border_style=\u00a0\u00bbsolid\u00a0\u00bb][vc_row_inner column_margin=\u00a0\u00bbdefault\u00a0\u00bb column_direction=\u00a0\u00bbdefault\u00a0\u00bb column_direction_tablet=\u00a0\u00bbdefault\u00a0\u00bb column_direction_phone=\u00a0\u00bbdefault\u00a0\u00bb text_align=\u00a0\u00bbleft\u00a0\u00bb row_position=\u00a0\u00bbdefault\u00a0\u00bb row_position_tablet=\u00a0\u00bbinherit\u00a0\u00bb row_position_phone=\u00a0\u00bbinherit\u00a0\u00bb overflow=\u00a0\u00bbvisible\u00a0\u00bb pointer_events=\u00a0\u00bball\u00a0\u00bb][vc_column_inner column_padding=\u00a0\u00bbpadding-1-percent\u00a0\u00bb column_padding_tablet=\u00a0\u00bbinherit\u00a0\u00bb column_padding_phone=\u00a0\u00bbinherit\u00a0\u00bb column_padding_position=\u00a0\u00bball\u00a0\u00bb column_element_spacing=\u00a0\u00bbdefault\u00a0\u00bb background_color_opacity=\u00a0\u00bb1&Prime; background_hover_color_opacity=\u00a0\u00bb1&Prime; column_shadow=\u00a0\u00bbnone\u00a0\u00bb column_border_radius=\u00a0\u00bbnone\u00a0\u00bb column_link_target=\u00a0\u00bb_self\u00a0\u00bb advanced_gradient_angle=\u00a0\u00bb0&Prime; gradient_direction=\u00a0\u00bbleft_to_right\u00a0\u00bb overlay_strength=\u00a0\u00bb0.3&Prime; width=\u00a0\u00bb1\/3&Prime; tablet_width_inherit=\u00a0\u00bbdefault\u00a0\u00bb animation_type=\u00a0\u00bbdefault\u00a0\u00bb bg_image_animation=\u00a0\u00bbnone\u00a0\u00bb border_type=\u00a0\u00bbsimple\u00a0\u00bb column_border_width=\u00a0\u00bbnone\u00a0\u00bb column_border_style=\u00a0\u00bbsolid\u00a0\u00bb gradient_type=\u00a0\u00bbdefault\u00a0\u00bb][team_member image_url=\u00a0\u00bb843&Prime; bio_alt_image_url=\u00a0\u00bb845&Prime; team_memeber_style=\u00a0\u00bbbio_fullscreen_alt\u00a0\u00bb bio_fullscreen_alt_parallax=\u00a0\u00bbtrue\u00a0\u00bb bio_fullscreen_alt_hide_link_arrow=\u00a0\u00bbtrue\u00a0\u00bb image_loading=\u00a0\u00bbdefault\u00a0\u00bb team_member_bio_full_html=\u00a0\u00bbhtml\u00a0\u00bb hide_link_arrow=\u00a0\u00bbtrue\u00a0\u00bb name=\u00a0\u00bbCM CRUSHER\u00a0\u00bb image_size=\u00a0\u00bbregular\u00a0\u00bb]Mini-broyeur de d\u00e9bris compact. Parfait pour concasser le b\u00e9ton, les briques, les gravats de pierre, les clinkers et l&rsquo;asphalte. <\/p>\n<p>\ud83d\udcc5 2022[\/team_member][team_member image_url=\u00a0\u00bb852&Prime; bio_alt_image_url=\u00a0\u00bb853&Prime; team_memeber_style=\u00a0\u00bbbio_fullscreen_alt\u00a0\u00bb bio_fullscreen_alt_parallax=\u00a0\u00bbtrue\u00a0\u00bb bio_fullscreen_alt_hide_link_arrow=\u00a0\u00bbtrue\u00a0\u00bb image_loading=\u00a0\u00bbdefault\u00a0\u00bb team_member_bio_full_html=\u00a0\u00bbhtml\u00a0\u00bb hide_link_arrow=\u00a0\u00bbtrue\u00a0\u00bb name=\u00a0\u00bbCentrale \u00e0 b\u00e9ton\u00a0\u00bb image_size=\u00a0\u00bbregular\u00a0\u00bb job_position=\u00a0\u00bbVendu !!!\u00a0\u00bb]Centrale \u00e0 b\u00e9ton 120m3\/h.<\/p>\n<p>\ud83d\udcc5 Construit en 2007[\/team_member][\/vc_column_inner][vc_column_inner column_padding=\u00a0\u00bbpadding-1-percent\u00a0\u00bb column_padding_tablet=\u00a0\u00bbinherit\u00a0\u00bb column_padding_phone=\u00a0\u00bbinherit\u00a0\u00bb column_padding_position=\u00a0\u00bball\u00a0\u00bb column_element_spacing=\u00a0\u00bbdefault\u00a0\u00bb background_color_opacity=\u00a0\u00bb1&Prime; background_hover_color_opacity=\u00a0\u00bb1&Prime; column_shadow=\u00a0\u00bbnone\u00a0\u00bb column_border_radius=\u00a0\u00bbnone\u00a0\u00bb column_link_target=\u00a0\u00bb_self\u00a0\u00bb advanced_gradient_angle=\u00a0\u00bb0&Prime; gradient_direction=\u00a0\u00bbleft_to_right\u00a0\u00bb overlay_strength=\u00a0\u00bb0.3&Prime; width=\u00a0\u00bb1\/3&Prime; tablet_width_inherit=\u00a0\u00bbdefault\u00a0\u00bb animation_type=\u00a0\u00bbdefault\u00a0\u00bb bg_image_animation=\u00a0\u00bbnone\u00a0\u00bb border_type=\u00a0\u00bbsimple\u00a0\u00bb column_border_width=\u00a0\u00bbnone\u00a0\u00bb column_border_style=\u00a0\u00bbsolid\u00a0\u00bb gradient_type=\u00a0\u00bbdefault\u00a0\u00bb][team_member image_url=\u00a0\u00bb848&Prime; bio_alt_image_url=\u00a0\u00bb847&Prime; team_memeber_style=\u00a0\u00bbbio_fullscreen_alt\u00a0\u00bb bio_fullscreen_alt_parallax=\u00a0\u00bbtrue\u00a0\u00bb bio_fullscreen_alt_hide_link_arrow=\u00a0\u00bbtrue\u00a0\u00bb image_loading=\u00a0\u00bbdefault\u00a0\u00bb team_member_bio_full_html=\u00a0\u00bbhtml\u00a0\u00bb hide_link_arrow=\u00a0\u00bbtrue\u00a0\u00bb name=\u00a0\u00bbMAXIMUS 409&Prime; image_size=\u00a0\u00bbregular\u00a0\u00bb job_position=\u00a0\u00bbVendu !!!\u00a0\u00bb]Maximus 409, id\u00e9al pour le traitement des d\u00e9chets de d\u00e9molition et de construction et le traitement des roches lourdes. Attention : cette machine a d\u00e9j\u00e0 \u00e9t\u00e9 vendue ! <\/p>\n<p>\ud83d\udcc5 Construit en 2007[\/team_member][team_member image_url=\u00a0\u00bb856&Prime; team_memeber_style=\u00a0\u00bbbio_fullscreen_alt\u00a0\u00bb bio_fullscreen_alt_parallax=\u00a0\u00bbtrue\u00a0\u00bb bio_fullscreen_alt_hide_link_arrow=\u00a0\u00bbtrue\u00a0\u00bb image_loading=\u00a0\u00bbdefault\u00a0\u00bb team_member_bio_full_html=\u00a0\u00bbhtml\u00a0\u00bb hide_link_arrow=\u00a0\u00bbtrue\u00a0\u00bb name=\u00a0\u00bbCentrale \u00e0 b\u00e9ton\u00a0\u00bb image_size=\u00a0\u00bbregular\u00a0\u00bb job_position=\u00a0\u00bbVendu !!!\u00a0\u00bb]Centrale \u00e0 b\u00e9ton 100m3\/h. Attention : cette centrale \u00e0 b\u00e9ton a d\u00e9j\u00e0 \u00e9t\u00e9 vendue ![\/team_member][\/vc_column_inner][vc_column_inner column_padding=\u00a0\u00bbpadding-1-percent\u00a0\u00bb column_padding_tablet=\u00a0\u00bbinherit\u00a0\u00bb column_padding_phone=\u00a0\u00bbinherit\u00a0\u00bb column_padding_position=\u00a0\u00bball\u00a0\u00bb column_element_spacing=\u00a0\u00bbdefault\u00a0\u00bb background_color_opacity=\u00a0\u00bb1&Prime; background_hover_color_opacity=\u00a0\u00bb1&Prime; column_shadow=\u00a0\u00bbnone\u00a0\u00bb column_border_radius=\u00a0\u00bbnone\u00a0\u00bb column_link_target=\u00a0\u00bb_self\u00a0\u00bb advanced_gradient_angle=\u00a0\u00bb0&Prime; gradient_direction=\u00a0\u00bbleft_to_right\u00a0\u00bb overlay_strength=\u00a0\u00bb0.3&Prime; width=\u00a0\u00bb1\/3&Prime; tablet_width_inherit=\u00a0\u00bbdefault\u00a0\u00bb animation_type=\u00a0\u00bbdefault\u00a0\u00bb bg_image_animation=\u00a0\u00bbnone\u00a0\u00bb border_type=\u00a0\u00bbsimple\u00a0\u00bb column_border_width=\u00a0\u00bbnone\u00a0\u00bb column_border_style=\u00a0\u00bbsolid\u00a0\u00bb gradient_type=\u00a0\u00bbdefault\u00a0\u00bb][team_member image_url=\u00a0\u00bb850&Prime; bio_alt_image_url=\u00a0\u00bb849&Prime; team_memeber_style=\u00a0\u00bbbio_fullscreen_alt\u00a0\u00bb bio_fullscreen_alt_parallax=\u00a0\u00bbtrue\u00a0\u00bb bio_fullscreen_alt_hide_link_arrow=\u00a0\u00bbtrue\u00a0\u00bb image_loading=\u00a0\u00bbdefault\u00a0\u00bb team_member_bio_full_html=\u00a0\u00bbhtml\u00a0\u00bb hide_link_arrow=\u00a0\u00bbtrue\u00a0\u00bb name=\u00a0\u00bbCentrale \u00e0 b\u00e9ton M\u00e9lange E025&Prime; image_size=\u00a0\u00bbregular\u00a0\u00bb job_position=\u00a0\u00bbVendu !!!\u00a0\u00bb]Cette centrale \u00e0 b\u00e9ton de Blend dispose de plusieurs options, dont un kit de vibrateurs \u00e9lectriques, un convoyeur, un r\u00e9servoir d&rsquo;eau, des silos \u00e0 ciment int\u00e9gr\u00e9s, etc.<\/p>\n<p>\ud83d\udcc5 Construit en 2016[\/team_member][\/vc_column_inner][\/vc_row_inner][\/vc_column][\/vc_row]\n","protected":false},"excerpt":{"rendered":"<p>[vc_row type=\u00a0\u00bbfull_width_content\u00a0\u00bb full_screen_row_position=\u00a0\u00bbmiddle\u00a0\u00bb column_margin=\u00a0\u00bbdefault\u00a0\u00bb equal_height=\u00a0\u00bbyes\u00a0\u00bb content_placement=\u00a0\u00bbmiddle\u00a0\u00bb column_direction=\u00a0\u00bbdefault\u00a0\u00bb column_direction_tablet=\u00a0\u00bbdefault\u00a0\u00bb column_direction_phone=\u00a0\u00bbdefault\u00a0\u00bb scene_position=\u00a0\u00bbcenter\u00a0\u00bb top_padding=\u00a0\u00bb10%\u00a0\u00bb bottom_padding=\u00a0\u00bb4%\u00a0\u00bb left_padding_desktop=\u00a0\u00bb7%\u00a0\u00bb constrain_group_2=\u00a0\u00bbyes\u00a0\u00bb right_padding_desktop=\u00a0\u00bb7%\u00a0\u00bb top_padding_tablet=\u00a0\u00bb20%\u00a0\u00bb top_padding_phone=\u00a0\u00bb25%\u00a0\u00bb text_color=\u00a0\u00bbdark\u00a0\u00bb text_align=\u00a0\u00bbleft\u00a0\u00bb row_border_radius=\u00a0\u00bbnone\u00a0\u00bb row_border_radius_applies=\u00a0\u00bbbg\u00a0\u00bb zindex=\u00a0\u00bb100&Prime; overflow=\u00a0\u00bbvisible\u00a0\u00bb advanced_gradient_angle=\u00a0\u00bb0&Prime; overlay_strength=\u00a0\u00bb0.3&Prime; gradient_direction=\u00a0\u00bbleft_to_right\u00a0\u00bb shape_divider_position=\u00a0\u00bbbottom\u00a0\u00bb bg_image_animation=\u00a0\u00bbfade-in\u00a0\u00bb gradient_type=\u00a0\u00bbdefault\u00a0\u00bb shape_type=\u00a0\u00bb\u00a0\u00bb][vc_column&#8230;<\/p>\n","protected":false},"author":3,"featured_media":0,"parent":0,"menu_order":0,"comment_status":"closed","ping_status":"closed","template":"","meta":{"_acf_changed":false,"footnotes":""},"class_list":["post-1403","page","type-page","status-publish"],"acf":[],"yoast_head":"<!-- This site is optimized with the Yoast SEO plugin v27.0 - https:\/\/yoast.com\/product\/yoast-seo-wordpress\/ -->\n<title>Seconde main - JD Services<\/title>\n<meta name=\"robots\" content=\"index, follow, max-snippet:-1, max-image-preview:large, max-video-preview:-1\" \/>\n<link rel=\"canonical\" href=\"https:\/\/jdservice.be\/fr\/seconde-main-2\/\" \/>\n<meta property=\"og:locale\" content=\"fr_FR\" \/>\n<meta property=\"og:type\" content=\"article\" \/>\n<meta property=\"og:title\" content=\"Seconde main - JD Services\" \/>\n<meta property=\"og:description\" content=\"[vc_row type=\u00a0\u00bbfull_width_content\u00a0\u00bb full_screen_row_position=\u00a0\u00bbmiddle\u00a0\u00bb column_margin=\u00a0\u00bbdefault\u00a0\u00bb equal_height=\u00a0\u00bbyes\u00a0\u00bb content_placement=\u00a0\u00bbmiddle\u00a0\u00bb column_direction=\u00a0\u00bbdefault\u00a0\u00bb column_direction_tablet=\u00a0\u00bbdefault\u00a0\u00bb column_direction_phone=\u00a0\u00bbdefault\u00a0\u00bb scene_position=\u00a0\u00bbcenter\u00a0\u00bb top_padding=\u00a0\u00bb10%\u00a0\u00bb bottom_padding=\u00a0\u00bb4%\u00a0\u00bb left_padding_desktop=\u00a0\u00bb7%\u00a0\u00bb constrain_group_2=\u00a0\u00bbyes\u00a0\u00bb right_padding_desktop=\u00a0\u00bb7%\u00a0\u00bb top_padding_tablet=\u00a0\u00bb20%\u00a0\u00bb top_padding_phone=\u00a0\u00bb25%\u00a0\u00bb text_color=\u00a0\u00bbdark\u00a0\u00bb text_align=\u00a0\u00bbleft\u00a0\u00bb row_border_radius=\u00a0\u00bbnone\u00a0\u00bb row_border_radius_applies=\u00a0\u00bbbg\u00a0\u00bb zindex=\u00a0\u00bb100&Prime; overflow=\u00a0\u00bbvisible\u00a0\u00bb advanced_gradient_angle=\u00a0\u00bb0&Prime; overlay_strength=\u00a0\u00bb0.3&Prime; gradient_direction=\u00a0\u00bbleft_to_right\u00a0\u00bb shape_divider_position=\u00a0\u00bbbottom\u00a0\u00bb bg_image_animation=\u00a0\u00bbfade-in\u00a0\u00bb gradient_type=\u00a0\u00bbdefault\u00a0\u00bb shape_type=\u00a0\u00bb\u00a0\u00bb][vc_column...\" \/>\n<meta property=\"og:url\" content=\"https:\/\/jdservice.be\/fr\/seconde-main-2\/\" \/>\n<meta property=\"og:site_name\" content=\"JD Services\" \/>\n<meta property=\"article:modified_time\" content=\"2023-09-05T07:25:27+00:00\" \/>\n<meta name=\"twitter:card\" content=\"summary_large_image\" \/>\n<meta name=\"twitter:label1\" content=\"Dur\u00e9e de lecture estim\u00e9e\" \/>\n\t<meta name=\"twitter:data1\" content=\"6 minutes\" \/>\n<script type=\"application\/ld+json\" class=\"yoast-schema-graph\">{\"@context\":\"https:\/\/schema.org\",\"@graph\":[{\"@type\":\"WebPage\",\"@id\":\"https:\/\/jdservice.be\/fr\/seconde-main-2\/\",\"url\":\"https:\/\/jdservice.be\/fr\/seconde-main-2\/\",\"name\":\"Seconde main - JD Services\",\"isPartOf\":{\"@id\":\"https:\/\/jdservice.be\/#website\"},\"datePublished\":\"2022-03-10T12:25:24+00:00\",\"dateModified\":\"2023-09-05T07:25:27+00:00\",\"breadcrumb\":{\"@id\":\"https:\/\/jdservice.be\/fr\/seconde-main-2\/#breadcrumb\"},\"inLanguage\":\"fr-FR\",\"potentialAction\":[{\"@type\":\"ReadAction\",\"target\":[\"https:\/\/jdservice.be\/fr\/seconde-main-2\/\"]}]},{\"@type\":\"BreadcrumbList\",\"@id\":\"https:\/\/jdservice.be\/fr\/seconde-main-2\/#breadcrumb\",\"itemListElement\":[{\"@type\":\"ListItem\",\"position\":1,\"name\":\"Home\",\"item\":\"https:\/\/jdservice.be\/fr\/accueil\/\"},{\"@type\":\"ListItem\",\"position\":2,\"name\":\"Seconde main\"}]},{\"@type\":\"WebSite\",\"@id\":\"https:\/\/jdservice.be\/#website\",\"url\":\"https:\/\/jdservice.be\/\",\"name\":\"JD Services\",\"description\":\"\",\"potentialAction\":[{\"@type\":\"SearchAction\",\"target\":{\"@type\":\"EntryPoint\",\"urlTemplate\":\"https:\/\/jdservice.be\/?s={search_term_string}\"},\"query-input\":{\"@type\":\"PropertyValueSpecification\",\"valueRequired\":true,\"valueName\":\"search_term_string\"}}],\"inLanguage\":\"fr-FR\"}]}<\/script>\n<!-- \/ Yoast SEO plugin. -->","yoast_head_json":{"title":"Seconde main - JD Services","robots":{"index":"index","follow":"follow","max-snippet":"max-snippet:-1","max-image-preview":"max-image-preview:large","max-video-preview":"max-video-preview:-1"},"canonical":"https:\/\/jdservice.be\/fr\/seconde-main-2\/","og_locale":"fr_FR","og_type":"article","og_title":"Seconde main - JD Services","og_description":"[vc_row type=\u00a0\u00bbfull_width_content\u00a0\u00bb full_screen_row_position=\u00a0\u00bbmiddle\u00a0\u00bb column_margin=\u00a0\u00bbdefault\u00a0\u00bb equal_height=\u00a0\u00bbyes\u00a0\u00bb content_placement=\u00a0\u00bbmiddle\u00a0\u00bb column_direction=\u00a0\u00bbdefault\u00a0\u00bb column_direction_tablet=\u00a0\u00bbdefault\u00a0\u00bb column_direction_phone=\u00a0\u00bbdefault\u00a0\u00bb scene_position=\u00a0\u00bbcenter\u00a0\u00bb top_padding=\u00a0\u00bb10%\u00a0\u00bb bottom_padding=\u00a0\u00bb4%\u00a0\u00bb left_padding_desktop=\u00a0\u00bb7%\u00a0\u00bb constrain_group_2=\u00a0\u00bbyes\u00a0\u00bb right_padding_desktop=\u00a0\u00bb7%\u00a0\u00bb top_padding_tablet=\u00a0\u00bb20%\u00a0\u00bb top_padding_phone=\u00a0\u00bb25%\u00a0\u00bb text_color=\u00a0\u00bbdark\u00a0\u00bb text_align=\u00a0\u00bbleft\u00a0\u00bb row_border_radius=\u00a0\u00bbnone\u00a0\u00bb row_border_radius_applies=\u00a0\u00bbbg\u00a0\u00bb zindex=\u00a0\u00bb100&Prime; overflow=\u00a0\u00bbvisible\u00a0\u00bb advanced_gradient_angle=\u00a0\u00bb0&Prime; overlay_strength=\u00a0\u00bb0.3&Prime; gradient_direction=\u00a0\u00bbleft_to_right\u00a0\u00bb shape_divider_position=\u00a0\u00bbbottom\u00a0\u00bb bg_image_animation=\u00a0\u00bbfade-in\u00a0\u00bb gradient_type=\u00a0\u00bbdefault\u00a0\u00bb shape_type=\u00a0\u00bb\u00a0\u00bb][vc_column...","og_url":"https:\/\/jdservice.be\/fr\/seconde-main-2\/","og_site_name":"JD Services","article_modified_time":"2023-09-05T07:25:27+00:00","twitter_card":"summary_large_image","twitter_misc":{"Dur\u00e9e de lecture estim\u00e9e":"6 minutes"},"schema":{"@context":"https:\/\/schema.org","@graph":[{"@type":"WebPage","@id":"https:\/\/jdservice.be\/fr\/seconde-main-2\/","url":"https:\/\/jdservice.be\/fr\/seconde-main-2\/","name":"Seconde main - JD Services","isPartOf":{"@id":"https:\/\/jdservice.be\/#website"},"datePublished":"2022-03-10T12:25:24+00:00","dateModified":"2023-09-05T07:25:27+00:00","breadcrumb":{"@id":"https:\/\/jdservice.be\/fr\/seconde-main-2\/#breadcrumb"},"inLanguage":"fr-FR","potentialAction":[{"@type":"ReadAction","target":["https:\/\/jdservice.be\/fr\/seconde-main-2\/"]}]},{"@type":"BreadcrumbList","@id":"https:\/\/jdservice.be\/fr\/seconde-main-2\/#breadcrumb","itemListElement":[{"@type":"ListItem","position":1,"name":"Home","item":"https:\/\/jdservice.be\/fr\/accueil\/"},{"@type":"ListItem","position":2,"name":"Seconde main"}]},{"@type":"WebSite","@id":"https:\/\/jdservice.be\/#website","url":"https:\/\/jdservice.be\/","name":"JD Services","description":"","potentialAction":[{"@type":"SearchAction","target":{"@type":"EntryPoint","urlTemplate":"https:\/\/jdservice.be\/?s={search_term_string}"},"query-input":{"@type":"PropertyValueSpecification","valueRequired":true,"valueName":"search_term_string"}}],"inLanguage":"fr-FR"}]}},"_links":{"self":[{"href":"https:\/\/jdservice.be\/fr\/wp-json\/wp\/v2\/pages\/1403","targetHints":{"allow":["GET"]}}],"collection":[{"href":"https:\/\/jdservice.be\/fr\/wp-json\/wp\/v2\/pages"}],"about":[{"href":"https:\/\/jdservice.be\/fr\/wp-json\/wp\/v2\/types\/page"}],"author":[{"embeddable":true,"href":"https:\/\/jdservice.be\/fr\/wp-json\/wp\/v2\/users\/3"}],"replies":[{"embeddable":true,"href":"https:\/\/jdservice.be\/fr\/wp-json\/wp\/v2\/comments?post=1403"}],"version-history":[{"count":5,"href":"https:\/\/jdservice.be\/fr\/wp-json\/wp\/v2\/pages\/1403\/revisions"}],"predecessor-version":[{"id":1430,"href":"https:\/\/jdservice.be\/fr\/wp-json\/wp\/v2\/pages\/1403\/revisions\/1430"}],"wp:attachment":[{"href":"https:\/\/jdservice.be\/fr\/wp-json\/wp\/v2\/media?parent=1403"}],"curies":[{"name":"wp","href":"https:\/\/api.w.org\/{rel}","templated":true}]}}